{"id":2,"date":"2022-09-12T21:17:12","date_gmt":"2022-09-12T21:17:12","guid":{"rendered":"https:\/\/cts.kg\/?page_id=2"},"modified":"2025-03-14T07:34:01","modified_gmt":"2025-03-14T07:34:01","slug":"impressum","status":"publish","type":"page","link":"https:\/\/cts.kg\/?page_id=2","title":{"rendered":"Impressum"},"content":{"rendered":"\t\t<div data-elementor-type=\"wp-page\" data-elementor-id=\"2\" class=\"elementor elementor-2\">\n\t\t\t\t\t\t<section class=\"elementor-section elementor-top-section elementor-element elementor-element-759003a elementor-section-boxed elementor-section-height-default elementor-section-height-default\" data-id=\"759003a\" data-element_type=\"section\">\n\t\t\t\t\t\t<div class=\"elementor-container elementor-column-gap-default\">\n\t\t\t\t\t<div class=\"elementor-column elementor-col-100 elementor-top-column elementor-element elementor-element-c351048\" data-id=\"c351048\" data-element_type=\"column\">\n\t\t\t<div class=\"elementor-widget-wrap elementor-element-populated\">\n\t\t\t\t\t\t<div class=\"elementor-element elementor-element-0d8d98e elementor-widget elementor-widget-text-editor\" data-id=\"0d8d98e\" data-element_type=\"widget\" data-widget_type=\"text-editor.default\">\n\t\t\t\t<div class=\"elementor-widget-container\">\n\t\t\t\t\t\t\t\t\t<p style=\"font-weight: 400;\">Impressum &#8211;<strong>Angaben gem\u00e4\u00df \u00a7 5 TMG<\/strong><\/p>\n<p style=\"font-weight: 400;\">CTS Energiesysteme KG<\/p>\n<p style=\"font-weight: 400;\">Winefeldstr.13<\/p>\n<p style=\"font-weight: 400;\">77955 Ettenheim<\/p>\n<p style=\"font-weight: 400;\">Handelsregister: HRA 701292<\/p>\n<p style=\"font-weight: 400;\">Registergericht: Amtsgericht Freiburg<\/p>\n<p style=\"font-weight: 400;\"><strong>&nbsp;<\/strong><\/p>\n<p style=\"font-weight: 400;\"><strong>Vertreten durch:<\/strong> Giuliano Tamburro<\/p>\n<p style=\"font-weight: 400;\"><strong>&nbsp;<\/strong><\/p>\n<p style=\"font-weight: 400;\"><strong>Kontakt:<\/strong><\/p>\n<p style=\"font-weight: 400;\">Telefon: 01726084444<\/p>\n<p style=\"font-weight: 400;\">E-Mail: <a href=\"mailto:info@cts.kg\">info@cts.kg<\/a><\/p>\n<p style=\"font-weight: 400;\"><strong>Umsatzsteuer &#8211; ID<\/strong><\/p>\n<p style=\"font-weight: 400;\">Umsatzsteuer-Identifikationsnummer gem\u00e4\u00df \u00a7 27 a Umsatzsteuergesetz<\/p>\n<p style=\"font-weight: 400;\">DE 262965258<\/p>\n<p style=\"font-weight: 400;\"><strong>EU-Streitschlichtung<\/strong><\/p>\n<p style=\"font-weight: 400;\">Die Europ\u00e4ische Kommission stellt eine Plattform zur Online-Streitbeilegung (OS) bereit:<\/p>\n<p style=\"font-weight: 400;\">https: ec.europa.eu\/consumers\/odr\/.<\/p>\n<p style=\"font-weight: 400;\">Unsere E-Mail-Adresse finden Sie oben im Impressum<\/p>\n<p style=\"font-weight: 400;\">Wir nehmen an einem Streitbeilegungsverfahren vor einer Verbraucherschlichtungsstelle teil. Zust\u00e4ndig ist die Universalschlichtungsstelle des Zentrums f\u00fcr Schlichtung e.V., Stra\u00dfburger Stra\u00dfe 8, 77694 Kehl am Rhein \u201ehttps:\/\/www.verbraucher-schlichter.de&#8220;&nbsp;<\/p>\t\t\t\t\t\t\t\t<\/div>\n\t\t\t\t<\/div>\n\t\t\t\t\t<\/div>\n\t\t<\/div>\n\t\t\t\t\t<\/div>\n\t\t<\/section>\n\t\t\t\t<\/div>\n\t\t","protected":false},"excerpt":{"rendered":"<p>Impressum &#8211;Angaben gem\u00e4\u00df \u00a7 5 TMG CTS Energiesysteme KG Winefeldstr.13 77955 Ettenheim Handelsregister: HRA 701292 Registergericht: Amtsgericht Freiburg &nbsp; Vertreten durch: Giuliano Tamburro &nbsp; Kontakt: Telefon: 01726084444 E-Mail: info@cts.kg Umsatzsteuer &#8211; ID Umsatzsteuer-Identifikationsnummer gem\u00e4\u00df \u00a7 27 a Umsatzsteuergesetz DE 262965258 EU-Streitschlichtung Die Europ\u00e4ische Kommission stellt eine Plattform zur Online-Streitbeilegung (OS) bereit: https: ec.europa.eu\/consumers\/odr\/. Unsere E-Mail-Adresse [&hellip;]<\/p>\n","protected":false},"author":1,"featured_media":0,"parent":0,"menu_order":0,"comment_status":"closed","ping_status":"closed","template":"","meta":{"footnotes":""},"class_list":["post-2","page","type-page","status-publish","hentry"],"_links":{"self":[{"href":"https:\/\/cts.kg\/index.php?rest_route=\/wp\/v2\/pages\/2","targetHints":{"allow":["GET"]}}],"collection":[{"href":"https:\/\/cts.kg\/index.php?rest_route=\/wp\/v2\/pages"}],"about":[{"href":"https:\/\/cts.kg\/index.php?rest_route=\/wp\/v2\/types\/page"}],"author":[{"embeddable":true,"href":"https:\/\/cts.kg\/index.php?rest_route=\/wp\/v2\/users\/1"}],"replies":[{"embeddable":true,"href":"https:\/\/cts.kg\/index.php?rest_route=%2Fwp%2Fv2%2Fcomments&post=2"}],"version-history":[{"count":14,"href":"https:\/\/cts.kg\/index.php?rest_route=\/wp\/v2\/pages\/2\/revisions"}],"predecessor-version":[{"id":238,"href":"https:\/\/cts.kg\/index.php?rest_route=\/wp\/v2\/pages\/2\/revisions\/238"}],"wp:attachment":[{"href":"https:\/\/cts.kg\/index.php?rest_route=%2Fwp%2Fv2%2Fmedia&parent=2"}],"curies":[{"name":"wp","href":"https:\/\/api.w.org\/{rel}","templated":true}]}}